{"id":8,"date":"2019-11-20T09:47:39","date_gmt":"2019-11-20T09:47:39","guid":{"rendered":"https:\/\/babanimg.com\/?page_id=8"},"modified":"2020-12-02T14:23:50","modified_gmt":"2020-12-02T14:23:50","slug":"home","status":"publish","type":"page","link":"https:\/\/babanimg.com\/","title":{"rendered":"HOME"},"content":{"rendered":"<div class=\"wpb-content-wrapper\"><p>[vc_row css=&#8221;.vc_custom_1574246105355{margin-top: -150px !important;}&#8221;][vc_column offset=&#8221;vc_hidden-sm vc_hidden-xs&#8221;][vc_row_inner][vc_column_inner width=&#8221;1\/2&#8243;]<div class=\"ult-content-box-container \" >\t\t<div class=\"ult-content-box\" style=\"box-shadow: px px px px none;-webkit-transition: all 700ms ease;-moz-transition: all 700ms ease;-ms-transition: all 700ms ease;-o-transition: all 700ms ease;transition: all 700ms ease;\"  data-hover_box_shadow=\"none\"    >[vc_empty_space][vc_single_image image=&#8221;17&#8243; img_size=&#8221;full&#8221; image_hovers=&#8221;false&#8221;]\t\t<\/div><\/div>[\/vc_column_inner][vc_column_inner width=&#8221;1\/2&#8243;][vc_empty_space height=&#8221;182px&#8221;][vc_custom_heading text=&#8221;RRETH NESH&#8221; font_container=&#8221;tag:h3|font_size:35|text_align:left|color:%2320489f&#8221; google_fonts=&#8221;font_family:Oswald%3A300%2Cregular%2C700|font_style:700%20bold%20regular%3A700%3Anormal&#8221; el_class=&#8221;tx&#8221;][vc_empty_space height=&#8221;22px&#8221;][vc_custom_heading text=&#8221;LIDER&#8221; font_container=&#8221;tag:h2|font_size:50|text_align:left|color:%23d4252c&#8221; google_fonts=&#8221;font_family:Oswald%3A300%2Cregular%2C700|font_style:700%20bold%20regular%3A700%3Anormal&#8221;][vc_empty_space height=&#8221;22px&#8221;][vc_custom_heading text=&#8221;Filluam me rritjen dhe tregtimin e gicave q\u00eb nga viti 1994. Duke vazhduar zhvillimin dhe rritjen e aktivitetit vit pas viti. N\u00eb vitin 2000 nd\u00ebrtuam thertoren, duke sjelle n\u00eb treg mish t\u00eb fresk\u00ebt , t\u00eb kontrolluar dhe t\u00eb sigurt p\u00ebr konsumatorin. Fal\u00eb k\u00ebrkesave t\u00eb m\u00ebdha nga klient\u00ebt filluam edhe importin nga ferma t\u00eb vendeve t\u00eb Europ\u00ebs si, Greqia, Hungaria, Sllovakia etj., duke siguruar gica t\u00eb kontrolluar dhe t\u00eb sh\u00ebndetsh\u00ebm.&#8221; font_container=&#8221;tag:p|text_align:justify|color:%23333333&#8243; google_fonts=&#8221;font_family:Montserrat%3Aregular%2C700|font_style:400%20regular%3A400%3Anormal&#8221;][vc_empty_space height=&#8221;22px&#8221;][vc_btn title=&#8221;PRODUKTE&#8221; style=&#8221;custom&#8221; custom_background=&#8221;#d4252c&#8221; custom_text=&#8221;#ffffff&#8221; shape=&#8221;square&#8221; align=&#8221;left&#8221;][\/vc_column_inner][\/vc_row_inner][\/vc_column][\/vc_row][vc_row][vc_column offset=&#8221;vc_hidden-lg vc_hidden-md&#8221;][vc_row_inner][vc_column_inner width=&#8221;1\/2&#8243;]<div class=\"ult-content-box-container \" >\t\t<div class=\"ult-content-box\" style=\"box-shadow: px px px px none;-webkit-transition: all 700ms ease;-moz-transition: all 700ms ease;-ms-transition: all 700ms ease;-o-transition: all 700ms ease;transition: all 700ms ease;\"  data-hover_box_shadow=\"none\"    >[vc_empty_space][vc_single_image image=&#8221;17&#8243; img_size=&#8221;medium&#8221; image_hovers=&#8221;false&#8221;]\t\t<\/div><\/div>[\/vc_column_inner][vc_column_inner width=&#8221;1\/2&#8243;][vc_custom_heading text=&#8221;RRETH NESH&#8221; font_container=&#8221;tag:h3|font_size:35|text_align:center|color:%2320489f&#8221; google_fonts=&#8221;font_family:Oswald%3A300%2Cregular%2C700|font_style:700%20bold%20regular%3A700%3Anormal&#8221; el_class=&#8221;tx&#8221;][vc_empty_space height=&#8221;22px&#8221;][vc_custom_heading text=&#8221;LIDER&#8221; font_container=&#8221;tag:h2|font_size:50|text_align:center|color:%23d4252c&#8221; google_fonts=&#8221;font_family:Oswald%3A300%2Cregular%2C700|font_style:700%20bold%20regular%3A700%3Anormal&#8221;][vc_empty_space height=&#8221;22px&#8221;][vc_custom_heading text=&#8221;Filluam me rritjen dhe tregtimin e gicave q\u00eb nga viti 1994. Duke vazhduar zhvillimin dhe rritjen e aktivitetit vit pas viti. N\u00eb vitin 2000 nd\u00ebrtuam thertoren, duke sjelle n\u00eb treg mish t\u00eb fresk\u00ebt , t\u00eb kontrolluar dhe t\u00eb sigurt p\u00ebr konsumatorin. Fal\u00eb k\u00ebrkesave t\u00eb m\u00ebdha nga klient\u00ebt filluam edhe importin nga ferma t\u00eb vendeve t\u00eb Europ\u00ebs si, Greqia, Hungaria, Sllovakia etj., duke siguruar gica t\u00eb kontrolluar dhe t\u00eb sh\u00ebndetsh\u00ebm.&#8221; font_container=&#8221;tag:p|text_align:justify|color:%23333333&#8243; google_fonts=&#8221;font_family:Montserrat%3Aregular%2C700|font_style:400%20regular%3A400%3Anormal&#8221;][vc_empty_space height=&#8221;22px&#8221;][vc_btn title=&#8221;PRODUKTE&#8221; style=&#8221;custom&#8221; custom_background=&#8221;#d4252c&#8221; custom_text=&#8221;#ffffff&#8221; shape=&#8221;square&#8221; align=&#8221;center&#8221;][\/vc_column_inner][\/vc_row_inner][\/vc_column][\/vc_row][vc_row][vc_column][vc_empty_space][\/vc_column][\/vc_row][vc_row bg_type=&#8221;bg_color&#8221; bg_color_value=&#8221;#f4f4f4&#8243;][vc_column][vc_custom_heading text=&#8221;TEK NE DO T\u00cb GJENI&#8221; font_container=&#8221;tag:h3|font_size:17|text_align:center|color:%2320489f&#8221; google_fonts=&#8221;font_family:Oswald%3A300%2Cregular%2C700|font_style:700%20bold%20regular%3A700%3Anormal&#8221; el_class=&#8221;tx&#8221;][vc_custom_heading text=&#8221;PRODUKTET&#8221; font_container=&#8221;tag:h2|font_size:32|text_align:center|color:%23d4252c&#8221; google_fonts=&#8221;font_family:Oswald%3A300%2Cregular%2C700|font_style:700%20bold%20regular%3A700%3Anormal&#8221;][vc_single_image image=&#8221;19&#8243; img_size=&#8221;full&#8221; alignment=&#8221;center&#8221; image_hovers=&#8221;false&#8221; css=&#8221;.vc_custom_1574249109369{margin-top: -120px !important;}&#8221;][vc_empty_space]<div id=\"ult-carousel-213145211269dbfe0be0c22\" class=\"ult-carousel-wrapper   ult_horizontal\" data-gutter=\"15\" data-rtl=\"false\" ><div class=\"ult-carousel-374840925369dbfe0be0b06 \" >[vc_row_inner gap=&#8221;25&#8243;][vc_column_inner width=&#8221;1\/4&#8243;][vc_single_image image=&#8221;191&#8243; img_size=&#8221;full&#8221; onclick=&#8221;link_image&#8221; image_hovers=&#8221;false&#8221;][vc_custom_heading text=&#8221;Karkas&#8221; font_container=&#8221;tag:h2|font_size:27|text_align:center|color:%2320489f&#8221; google_fonts=&#8221;font_family:Oswald%3A300%2Cregular%2C700|font_style:700%20bold%20regular%3A700%3Anormal&#8221;][vc_custom_heading text=&#8221;T\u00eb Fresk\u00ebta&#8221; font_container=&#8221;tag:p|text_align:center|color:%23333333&#8243; google_fonts=&#8221;font_family:Montserrat%3Aregular%2C700|font_style:400%20regular%3A400%3Anormal&#8221;][vc_empty_space height=&#8221;52px&#8221;][vc_single_image image=&#8221;193&#8243; img_size=&#8221;medium&#8221; image_hovers=&#8221;false&#8221;][vc_custom_heading text=&#8221;Shpatull&#8221; font_container=&#8221;tag:h2|font_size:27|text_align:center|color:%2320489f&#8221; google_fonts=&#8221;font_family:Oswald%3A300%2Cregular%2C700|font_style:700%20bold%20regular%3A700%3Anormal&#8221; css=&#8221;.vc_custom_1606917503861{margin-top: -2px !important;}&#8221;][vc_custom_heading text=&#8221;T\u00eb Fresk\u00ebta&#8221; font_container=&#8221;tag:p|text_align:center|color:%23333333&#8243; google_fonts=&#8221;font_family:Montserrat%3Aregular%2C700|font_style:400%20regular%3A400%3Anormal&#8221;][\/vc_column_inner][vc_column_inner width=&#8221;1\/4&#8243;][vc_single_image image=&#8221;172&#8243; img_size=&#8221;full&#8221; image_hovers=&#8221;false&#8221;][vc_custom_heading text=&#8221;Brinje&#8221; font_container=&#8221;tag:h2|font_size:27|text_align:center|color:%2320489f&#8221; google_fonts=&#8221;font_family:Oswald%3A300%2Cregular%2C700|font_style:700%20bold%20regular%3A700%3Anormal&#8221;][vc_custom_heading text=&#8221;T\u00eb Fresk\u00ebta&#8221; font_container=&#8221;tag:p|text_align:center|color:%23333333&#8243; google_fonts=&#8221;font_family:Montserrat%3Aregular%2C700|font_style:400%20regular%3A400%3Anormal&#8221;][vc_empty_space height=&#8221;52px&#8221;][vc_single_image image=&#8221;30&#8243; img_size=&#8221;full&#8221; image_hovers=&#8221;false&#8221;][vc_custom_heading text=&#8221;M\u00ebl\u00e7i&#8221; font_container=&#8221;tag:h2|font_size:27|text_align:center|color:%2320489f&#8221; google_fonts=&#8221;font_family:Oswald%3A300%2Cregular%2C700|font_style:700%20bold%20regular%3A700%3Anormal&#8221; css=&#8221;.vc_custom_1574253164245{margin-top: -12px !important;}&#8221;][vc_custom_heading text=&#8221;T\u00eb Fresk\u00ebta&#8221; font_container=&#8221;tag:p|text_align:center|color:%23333333&#8243; google_fonts=&#8221;font_family:Montserrat%3Aregular%2C700|font_style:400%20regular%3A400%3Anormal&#8221;][\/vc_column_inner][vc_column_inner width=&#8221;1\/4&#8243;][vc_single_image image=&#8221;169&#8243; img_size=&#8221;full&#8221; image_hovers=&#8221;false&#8221;][vc_custom_heading text=&#8221;B\u00ebrxoll\u00eb&#8221; font_container=&#8221;tag:h2|font_size:27|text_align:center|color:%2320489f&#8221; google_fonts=&#8221;font_family:Oswald%3A300%2Cregular%2C700|font_style:700%20bold%20regular%3A700%3Anormal&#8221;][vc_custom_heading text=&#8221;T\u00eb Fresk\u00ebta&#8221; font_container=&#8221;tag:p|text_align:center|color:%23333333&#8243; google_fonts=&#8221;font_family:Montserrat%3Aregular%2C700|font_style:400%20regular%3A400%3Anormal&#8221;][vc_empty_space height=&#8221;52px&#8221;][vc_single_image image=&#8221;28&#8243; img_size=&#8221;full&#8221; image_hovers=&#8221;false&#8221;][vc_custom_heading text=&#8221;Kok\u00eb&#8221; font_container=&#8221;tag:h2|font_size:27|text_align:center|color:%2320489f&#8221; google_fonts=&#8221;font_family:Oswald%3A300%2Cregular%2C700|font_style:700%20bold%20regular%3A700%3Anormal&#8221; css=&#8221;.vc_custom_1574253630997{margin-top: -12px !important;}&#8221;][vc_custom_heading text=&#8221;T\u00eb Fresk\u00ebta&#8221; font_container=&#8221;tag:p|text_align:center|color:%23333333&#8243; google_fonts=&#8221;font_family:Montserrat%3Aregular%2C700|font_style:400%20regular%3A400%3Anormal&#8221;][\/vc_column_inner][vc_column_inner width=&#8221;1\/4&#8243;][vc_single_image image=&#8221;171&#8243; img_size=&#8221;full&#8221; image_hovers=&#8221;false&#8221;][vc_custom_heading text=&#8221;Kofsha&#8221; font_container=&#8221;tag:h2|font_size:27|text_align:center|color:%2320489f&#8221; google_fonts=&#8221;font_family:Oswald%3A300%2Cregular%2C700|font_style:700%20bold%20regular%3A700%3Anormal&#8221;][vc_custom_heading text=&#8221;T\u00eb Fresk\u00ebta&#8221; font_container=&#8221;tag:p|text_align:center|color:%23333333&#8243; google_fonts=&#8221;font_family:Montserrat%3Aregular%2C700|font_style:400%20regular%3A400%3Anormal&#8221;][vc_empty_space height=&#8221;52px&#8221;][vc_single_image image=&#8221;29&#8243; img_size=&#8221;full&#8221; image_hovers=&#8221;false&#8221;][vc_custom_heading text=&#8221;Lardo&#8221; font_container=&#8221;tag:h2|font_size:27|text_align:center|color:%2320489f&#8221; google_fonts=&#8221;font_family:Oswald%3A300%2Cregular%2C700|font_style:700%20bold%20regular%3A700%3Anormal&#8221; css=&#8221;.vc_custom_1574252776370{margin-top: -12px !important;}&#8221;][vc_custom_heading text=&#8221;T\u00eb Fresk\u00ebta&#8221; font_container=&#8221;tag:p|text_align:center|color:%23333333&#8243; google_fonts=&#8221;font_family:Montserrat%3Aregular%2C700|font_style:400%20regular%3A400%3Anormal&#8221; css=&#8221;.vc_custom_1575903085101{padding-right: 40px !important;}&#8221;][\/vc_column_inner][\/vc_row_inner][vc_row_inner gap=&#8221;25&#8243;][vc_column_inner width=&#8221;1\/4&#8243;][vc_single_image image=&#8221;178&#8243; img_size=&#8221;full&#8221; image_hovers=&#8221;false&#8221;][vc_custom_heading text=&#8221;Hamburger&#8221; font_container=&#8221;tag:h2|font_size:27|text_align:center|color:%2320489f&#8221; google_fonts=&#8221;font_family:Oswald%3A300%2Cregular%2C700|font_style:700%20bold%20regular%3A700%3Anormal&#8221;][vc_custom_heading text=&#8221;T\u00eb Fresk\u00ebta&#8221; font_container=&#8221;tag:p|text_align:center|color:%23333333&#8243; google_fonts=&#8221;font_family:Montserrat%3Aregular%2C700|font_style:400%20regular%3A400%3Anormal&#8221;][vc_empty_space height=&#8221;52px&#8221;][vc_single_image image=&#8221;188&#8243; img_size=&#8221;full&#8221; image_hovers=&#8221;false&#8221;][vc_custom_heading text=&#8221;Mish i Tymosur&#8221; font_container=&#8221;tag:h2|font_size:27|text_align:center|color:%2320489f&#8221; google_fonts=&#8221;font_family:Oswald%3A300%2Cregular%2C700|font_style:700%20bold%20regular%3A700%3Anormal&#8221;][vc_custom_heading text=&#8221;T\u00eb Fresk\u00ebta&#8221; font_container=&#8221;tag:p|text_align:center|color:%23333333&#8243; google_fonts=&#8221;font_family:Montserrat%3Aregular%2C700|font_style:400%20regular%3A400%3Anormal&#8221;][\/vc_column_inner][vc_column_inner width=&#8221;1\/4&#8243;][vc_single_image image=&#8221;176&#8243; img_size=&#8221;full&#8221; image_hovers=&#8221;false&#8221;][vc_custom_heading text=&#8221;Qofte&#8221; font_container=&#8221;tag:h2|font_size:27|text_align:center|color:%2320489f&#8221; google_fonts=&#8221;font_family:Oswald%3A300%2Cregular%2C700|font_style:700%20bold%20regular%3A700%3Anormal&#8221;][vc_custom_heading text=&#8221;T\u00eb Fresk\u00ebta&#8221; font_container=&#8221;tag:p|text_align:center|color:%23333333&#8243; google_fonts=&#8221;font_family:Montserrat%3Aregular%2C700|font_style:400%20regular%3A400%3Anormal&#8221;][vc_empty_space height=&#8221;52px&#8221;][vc_single_image image=&#8221;187&#8243; img_size=&#8221;full&#8221; image_hovers=&#8221;false&#8221;][vc_custom_heading text=&#8221;Sal\u00e7i\u00e7e&#8221; font_container=&#8221;tag:h2|font_size:27|text_align:center|color:%2320489f&#8221; google_fonts=&#8221;font_family:Oswald%3A300%2Cregular%2C700|font_style:700%20bold%20regular%3A700%3Anormal&#8221;][vc_custom_heading text=&#8221;T\u00eb Fresk\u00ebta&#8221; font_container=&#8221;tag:p|text_align:center|color:%23333333&#8243; google_fonts=&#8221;font_family:Montserrat%3Aregular%2C700|font_style:400%20regular%3A400%3Anormal&#8221;][\/vc_column_inner][vc_column_inner width=&#8221;1\/4&#8243;][vc_single_image image=&#8221;177&#8243; img_size=&#8221;full&#8221; image_hovers=&#8221;false&#8221;][vc_custom_heading text=&#8221;Suxhuk Pikant&#8221; font_container=&#8221;tag:h2|font_size:27|text_align:center|color:%2320489f&#8221; google_fonts=&#8221;font_family:Oswald%3A300%2Cregular%2C700|font_style:700%20bold%20regular%3A700%3Anormal&#8221;][vc_custom_heading text=&#8221;T\u00eb Fresk\u00ebta&#8221; font_container=&#8221;tag:p|text_align:center|color:%23333333&#8243; google_fonts=&#8221;font_family:Montserrat%3Aregular%2C700|font_style:400%20regular%3A400%3Anormal&#8221;][\/vc_column_inner][vc_column_inner width=&#8221;1\/4&#8243;][vc_single_image image=&#8221;186&#8243; img_size=&#8221;full&#8221; image_hovers=&#8221;false&#8221;][vc_custom_heading text=&#8221;Fileto&#8221; font_container=&#8221;tag:h2|font_size:27|text_align:center|color:%2320489f&#8221; google_fonts=&#8221;font_family:Oswald%3A300%2Cregular%2C700|font_style:700%20bold%20regular%3A700%3Anormal&#8221;][vc_custom_heading text=&#8221;T\u00eb Fresk\u00ebta&#8221; font_container=&#8221;tag:p|text_align:center|color:%23333333&#8243; google_fonts=&#8221;font_family:Montserrat%3Aregular%2C700|font_style:400%20regular%3A400%3Anormal&#8221;][\/vc_column_inner][\/vc_row_inner]<\/div><\/div>\t\t\t<script type=\"text\/javascript\">\n\t\t\t\tjQuery(document).ready(function ($) {\n\t\t\t\t\tif( typeof jQuery('.ult-carousel-374840925369dbfe0be0b06').slick == \"function\"){\n\t\t\t\t\t\t$('.ult-carousel-374840925369dbfe0be0b06').slick({dots: false,autoplaySpeed: \"5000\",speed: \"2000\",infinite: false,arrows: true,nextArrow: '<button type=\"button\" role=\"button\" aria-label=\"Next\" style=\"color:#333333; font-size:20px;\" class=\"slick-next default\"><i class=\"ultsl-arrow-right6\"><\/i><\/button>',prevArrow: '<button type=\"button\" role=\"button\" aria-label=\"Previous\" style=\"color:#333333; font-size:20px;\" class=\"slick-prev default\"><i class=\"ultsl-arrow-left6\"><\/i><\/button>',slidesToScroll:1,slidesToShow:1,swipe: true,draggable: true,touchMove: true,pauseOnHover: true,pauseOnFocus: false,responsive: [\n\t\t\t\t\t\t\t{\n\t\t\t\t\t\t\t  breakpoint: 1026,\n\t\t\t\t\t\t\t  settings: {\n\t\t\t\t\t\t\t\tslidesToShow: 1,\n\t\t\t\t\t\t\t\tslidesToScroll: 1,  \n\t\t\t\t\t\t\t  }\n\t\t\t\t\t\t\t},\n\t\t\t\t\t\t\t{\n\t\t\t\t\t\t\t  breakpoint: 1025,\n\t\t\t\t\t\t\t  settings: {\n\t\t\t\t\t\t\t\tslidesToShow: 1,\n\t\t\t\t\t\t\t\tslidesToScroll: 1\n\t\t\t\t\t\t\t  }\n\t\t\t\t\t\t\t},\n\t\t\t\t\t\t\t{\n\t\t\t\t\t\t\t  breakpoint: 760,\n\t\t\t\t\t\t\t  settings: {\n\t\t\t\t\t\t\t\tslidesToShow: 1,\n\t\t\t\t\t\t\t\tslidesToScroll: 1\n\t\t\t\t\t\t\t  }\n\t\t\t\t\t\t\t}\n\t\t\t\t\t\t],pauseOnDotsHover: true,customPaging: function(slider, i) {\n                   return '<i type=\"button\" style= \"color:#333333;\" class=\"ultsl-record\" data-role=\"none\"><\/i>';\n                },});\n\t\t\t\t\t}\n\t\t\t\t});\n\t\t\t<\/script>\n\t\t\t[\/vc_column][\/vc_row][vc_row][vc_column][vc_empty_space][\/vc_column][\/vc_row][vc_row bg_type=&#8221;bg_color&#8221; bg_override=&#8221;ex-full&#8221; bg_color_value=&#8221;#20489f&#8221;][vc_column width=&#8221;1\/2&#8243;][vc_single_image image=&#8221;37&#8243; img_size=&#8221;full&#8221; css_animation=&#8221;fadeIn&#8221; css=&#8221;.vc_custom_1574255320466{margin-top: -90px !important;margin-bottom: -70px !important;margin-left: -140px !important;}&#8221;][\/vc_column][vc_column width=&#8221;1\/2&#8243;][vc_empty_space][vc_custom_heading text=&#8221;NA KONTAKTONI&#8221; font_container=&#8221;tag:h3|font_size:35|text_align:left|color:%23ffffff&#8221; google_fonts=&#8221;font_family:Oswald%3A300%2Cregular%2C700|font_style:700%20bold%20regular%3A700%3Anormal&#8221; el_class=&#8221;tx&#8221;][vc_custom_heading text=&#8221;P\u00ebr t\u00eb kryer porosi t\u00eb produkteve tona&#8221; font_container=&#8221;tag:h2|font_size:30|text_align:left|color:%23ffffff&#8221; google_fonts=&#8221;font_family:Oswald%3A300%2Cregular%2C700|font_style:700%20bold%20regular%3A700%3Anormal&#8221;][vc_empty_space height=&#8221;22px&#8221;][vc_btn title=&#8221;KONTAKT&#8221; style=&#8221;custom&#8221; custom_background=&#8221;#d4252c&#8221; custom_text=&#8221;#ffffff&#8221; shape=&#8221;square&#8221; align=&#8221;left&#8221;][\/vc_column][\/vc_row]<\/p>\n<\/div>","protected":false},"excerpt":{"rendered":"<p>[vc_row css=&#8221;.vc_custom_1574246105355{margin-top: -150px !important;}&#8221;][vc_column offset=&#8221;vc_hidden-sm vc_hidden-xs&#8221;][vc_row_inner][vc_column_inner width=&#8221;1\/2&#8243;][\/vc_column_inner][vc_column_inner width=&#8221;1\/2&#8243;][vc_empty_space height=&#8221;182px&#8221;][vc_custom_heading text=&#8221;RRETH NESH&#8221; font_container=&#8221;tag:h3|font_size:35|text_align:left|color:%2320489f&#8221; google_fonts=&#8221;font_family:Oswald%3A300%2Cregular%2C700|font_style:700%20bold%20regular%3A700%3Anormal&#8221; el_class=&#8221;tx&#8221;][vc_empty_space height=&#8221;22px&#8221;][vc_custom_heading text=&#8221;LIDER&#8221; font_container=&#8221;tag:h2|font_size:50|text_align:left|color:%23d4252c&#8221; google_fonts=&#8221;font_family:Oswald%3A300%2Cregular%2C700|font_style:700%20bold%20regular%3A700%3Anormal&#8221;][vc_empty_space height=&#8221;22px&#8221;][vc_custom_heading text=&#8221;Filluam me rritjen dhe tregtimin e gicave q\u00eb nga viti 1994. Duke vazhduar zhvillimin dhe rritjen e aktivitetit vit pas viti. N\u00eb vitin 2000 nd\u00ebrtuam thertoren, duke sjelle n\u00eb treg mish t\u00eb fresk\u00ebt , t\u00eb kontrolluar&hellip;<\/p>\n","protected":false},"author":1,"featured_media":0,"parent":0,"menu_order":0,"comment_status":"closed","ping_status":"closed","template":"","meta":{"footnotes":""},"class_list":["post-8","page","type-page","status-publish","hentry","description-off"],"_links":{"self":[{"href":"https:\/\/babanimg.com\/index.php\/wp-json\/wp\/v2\/pages\/8","targetHints":{"allow":["GET"]}}],"collection":[{"href":"https:\/\/babanimg.com\/index.php\/wp-json\/wp\/v2\/pages"}],"about":[{"href":"https:\/\/babanimg.com\/index.php\/wp-json\/wp\/v2\/types\/page"}],"author":[{"embeddable":true,"href":"https:\/\/babanimg.com\/index.php\/wp-json\/wp\/v2\/users\/1"}],"replies":[{"embeddable":true,"href":"https:\/\/babanimg.com\/index.php\/wp-json\/wp\/v2\/comments?post=8"}],"version-history":[{"count":20,"href":"https:\/\/babanimg.com\/index.php\/wp-json\/wp\/v2\/pages\/8\/revisions"}],"predecessor-version":[{"id":210,"href":"https:\/\/babanimg.com\/index.php\/wp-json\/wp\/v2\/pages\/8\/revisions\/210"}],"wp:attachment":[{"href":"https:\/\/babanimg.com\/index.php\/wp-json\/wp\/v2\/media?parent=8"}],"curies":[{"name":"wp","href":"https:\/\/api.w.org\/{rel}","templated":true}]}}