{"id":70,"date":"2019-11-20T13:39:20","date_gmt":"2019-11-20T13:39:20","guid":{"rendered":"https:\/\/babanimg.com\/?page_id=70"},"modified":"2020-12-02T14:06:10","modified_gmt":"2020-12-02T14:06:10","slug":"nenprodukte-mishi","status":"publish","type":"page","link":"https:\/\/babanimg.com\/index.php\/nenprodukte-mishi\/","title":{"rendered":"N\u00ebnprodukte Mishi"},"content":{"rendered":"<div class=\"wpb-content-wrapper\"><p>[vc_row css=&#8221;.vc_custom_1574257261414{margin-top: -120px !important;}&#8221;][vc_column][vc_single_image image=&#8221;72&#8243; img_size=&#8221;full&#8221; alignment=&#8221;center&#8221; image_hovers=&#8221;false&#8221;][\/vc_column][\/vc_row][vc_row][vc_column width=&#8221;1\/3&#8243;][vc_single_image image=&#8221;145&#8243; img_size=&#8221;600*300&#8243; alignment=&#8221;center&#8221; onclick=&#8221;link_image&#8221; image_hovers=&#8221;false&#8221;][vc_custom_heading text=&#8221;SAL\u00c7I\u00c7E&#8221; font_container=&#8221;tag:h2|text_align:center|color:%2320489f&#8221; google_fonts=&#8221;font_family:Oswald%3A300%2Cregular%2C700|font_style:400%20regular%3A400%3Anormal&#8221;][vc_column_text]<\/p>\n<p style=\"text-align: center;\"><span style=\"color: #000000;\">Punuar me mish t\u00eb fresk\u00ebt derri dhe p\u00ebrzier me aroma natyrale. Konsumohen t\u00eb gatuara ( n\u00eb zgar\u00eb, n\u00eb furr\u00eb etj )<\/span><\/p>\n<p>[\/vc_column_text][\/vc_column][vc_column width=&#8221;1\/3&#8243;][vc_single_image image=&#8221;146&#8243; img_size=&#8221;full&#8221; alignment=&#8221;center&#8221; onclick=&#8221;link_image&#8221; image_hovers=&#8221;false&#8221;][vc_custom_heading text=&#8221;SALLAM SHUF\u00cbR&#8221; font_container=&#8221;tag:h2|text_align:center|color:%2320489f&#8221; google_fonts=&#8221;font_family:Oswald%3A300%2Cregular%2C700|font_style:400%20regular%3A400%3Anormal&#8221;][vc_column_text]<\/p>\n<p style=\"text-align: center;\"><span style=\"color: #000000;\">Punuar me mish t\u00eb fresk\u00ebt derri, p\u00ebrshtatur me er\u00ebzat m\u00eb t\u00eb mira. Shije e ve\u00e7ant\u00eb. Konsumohet sic \u00ebsht\u00eb dhe i gatuar.<\/span><\/p>\n<p>[\/vc_column_text][\/vc_column][vc_column width=&#8221;1\/3&#8243;][vc_single_image image=&#8221;158&#8243; img_size=&#8221;full&#8221; alignment=&#8221;center&#8221; onclick=&#8221;link_image&#8221; image_hovers=&#8221;false&#8221;][vc_custom_heading text=&#8221;SUXHUK POPULLOR&#8221; font_container=&#8221;tag:h2|text_align:center|color:%2320489f&#8221; google_fonts=&#8221;font_family:Oswald%3A300%2Cregular%2C700|font_style:400%20regular%3A400%3Anormal&#8221;][vc_column_text]<\/p>\n<p style=\"text-align: center;\"><span style=\"color: #000000;\">Punuar me mish t\u00eb fresk\u00ebt derri, er\u00ebzat m\u00eb t\u00eb mira, i pjekur n\u00eb furr\u00eb. Konsumohet si\u00e7 \u00ebsht\u00eb dhe i gatuar.<\/span><\/p>\n<p>[\/vc_column_text][\/vc_column][\/vc_row][vc_row][vc_column width=&#8221;1\/3&#8243;][vc_single_image image=&#8221;176&#8243; img_size=&#8221;full&#8221; alignment=&#8221;center&#8221; image_hovers=&#8221;false&#8221;][vc_custom_heading text=&#8221;KEBAB QOFTE&#8221; font_container=&#8221;tag:h2|text_align:center|color:%2320489f&#8221; google_fonts=&#8221;font_family:Oswald%3A300%2Cregular%2C700|font_style:400%20regular%3A400%3Anormal&#8221;][vc_column_text]<\/p>\n<p style=\"text-align: center;\"><span style=\"color: #000000;\">Punuar me mish t\u00eb fresk\u00ebt derri, aroma t\u00eb p\u00ebrziera me kujdes dhe pak pikante. Konsumohen t\u00eb gatuara ( n\u00eb zgar\u00eb, n\u00eb furr\u00eb etj )<\/span><\/p>\n<p>[\/vc_column_text][\/vc_column][vc_column width=&#8221;1\/3&#8243;][vc_single_image image=&#8221;177&#8243; img_size=&#8221;full&#8221; alignment=&#8221;center&#8221; image_hovers=&#8221;false&#8221;][vc_custom_heading text=&#8221;SUXHUK PIKANT&#8221; font_container=&#8221;tag:h2|text_align:center|color:%2320489f&#8221; google_fonts=&#8221;font_family:Oswald%3A300%2Cregular%2C700|font_style:400%20regular%3A400%3Anormal&#8221;][vc_column_text]<\/p>\n<p style=\"text-align: center;\"><span style=\"color: #000000;\">Punuar me mish t\u00eb fresk\u00ebt derri, er\u00ebzat m\u00eb t\u00eb mira, i pjekur n\u00eb furr\u00eb. Konsumohet si\u00e7 \u00ebsht\u00eb dhe i gatuar.<\/span><\/p>\n<p>[\/vc_column_text][\/vc_column][vc_column width=&#8221;1\/3&#8243;][vc_single_image image=&#8221;178&#8243; img_size=&#8221;full&#8221; alignment=&#8221;center&#8221; onclick=&#8221;link_image&#8221; image_hovers=&#8221;false&#8221;][vc_custom_heading text=&#8221;HAMBURGER ( QOFTE )&#8221; font_container=&#8221;tag:h2|text_align:center|color:%2320489f&#8221; google_fonts=&#8221;font_family:Oswald%3A300%2Cregular%2C700|font_style:400%20regular%3A400%3Anormal&#8221;][vc_column_text]<\/p>\n<p style=\"text-align: center;\"><span style=\"color: #000000;\">Qofte p\u00ebr hamburger t\u00eb punuara me mish t\u00eb fresk\u00ebt derri, djath ( guda ) er\u00ebza t\u00eb p\u00ebrzgjedhura. Konsumohen t\u00eb gatuara ( n\u00eb zgar\u00eb, n\u00eb furr\u00eb etj )<\/span><\/p>\n<p>[\/vc_column_text][\/vc_column][\/vc_row][vc_row][vc_column width=&#8221;1\/3&#8243;][vc_single_image image=&#8221;184&#8243; img_size=&#8221;full&#8221; alignment=&#8221;center&#8221; onclick=&#8221;link_image&#8221; image_hovers=&#8221;false&#8221;][vc_custom_heading text=&#8221;MISH I TYMOSUR&#8221; font_container=&#8221;tag:h2|text_align:center|color:%2320489f&#8221; google_fonts=&#8221;font_family:Oswald%3A300%2Cregular%2C700|font_style:400%20regular%3A400%3Anormal&#8221;][vc_column_text]<\/p>\n<p style=\"text-align: center;\"><span style=\"color: #000000;\">Mish derri i zgjedhur, pjes\u00ebt m\u00eb t\u00eb mira, i stazhinuar dhe i tymosur pa aroma dhe p\u00ebrb\u00ebr\u00ebs t\u00eb shtes\u00eb. Konsumohet si\u00e7 \u00ebsht\u00eb dhe i gatuar.<\/span><\/p>\n<p>[\/vc_column_text][\/vc_column][vc_column width=&#8221;1\/3&#8243;][vc_single_image image=&#8221;194&#8243; img_size=&#8221;full&#8221; alignment=&#8221;center&#8221; image_hovers=&#8221;false&#8221;][vc_empty_space height=&#8221;41px&#8221;][vc_custom_heading text=&#8221;MISH I GRIR\u00cb&#8221; font_container=&#8221;tag:h2|text_align:center|color:%2320489f&#8221; google_fonts=&#8221;font_family:Oswald%3A300%2Cregular%2C700|font_style:400%20regular%3A400%3Anormal&#8221;][vc_column_text]<\/p>\n<p style=\"text-align: center;\"><span style=\"color: #000000;\">Mish derri i fresk\u00ebt i grir\u00eb dhe i paketuar pa p\u00ebrb\u00ebr\u00ebs shtes\u00eb.<\/span><\/p>\n<p>[\/vc_column_text][\/vc_column][vc_column width=&#8221;1\/3&#8243;][\/vc_column][\/vc_row]<\/p>\n<\/div>","protected":false},"excerpt":{"rendered":"<p>[vc_row css=&#8221;.vc_custom_1574257261414{margin-top: -120px !important;}&#8221;][vc_column][vc_single_image image=&#8221;72&#8243; img_size=&#8221;full&#8221; alignment=&#8221;center&#8221; image_hovers=&#8221;false&#8221;][\/vc_column][\/vc_row][vc_row][vc_column width=&#8221;1\/3&#8243;][vc_single_image image=&#8221;145&#8243; img_size=&#8221;600*300&#8243; alignment=&#8221;center&#8221; onclick=&#8221;link_image&#8221; image_hovers=&#8221;false&#8221;][vc_custom_heading text=&#8221;SAL\u00c7I\u00c7E&#8221; font_container=&#8221;tag:h2|text_align:center|color:%2320489f&#8221; google_fonts=&#8221;font_family:Oswald%3A300%2Cregular%2C700|font_style:400%20regular%3A400%3Anormal&#8221;][vc_column_text] Punuar me mish t\u00eb fresk\u00ebt derri dhe p\u00ebrzier me aroma natyrale. Konsumohen t\u00eb gatuara ( n\u00eb zgar\u00eb, n\u00eb furr\u00eb etj ) [\/vc_column_text][\/vc_column][vc_column width=&#8221;1\/3&#8243;][vc_single_image image=&#8221;146&#8243; img_size=&#8221;full&#8221; alignment=&#8221;center&#8221; onclick=&#8221;link_image&#8221; image_hovers=&#8221;false&#8221;][vc_custom_heading text=&#8221;SALLAM SHUF\u00cbR&#8221; font_container=&#8221;tag:h2|text_align:center|color:%2320489f&#8221; google_fonts=&#8221;font_family:Oswald%3A300%2Cregular%2C700|font_style:400%20regular%3A400%3Anormal&#8221;][vc_column_text] Punuar me mish t\u00eb fresk\u00ebt derri,&hellip;<\/p>\n","protected":false},"author":1,"featured_media":0,"parent":0,"menu_order":0,"comment_status":"closed","ping_status":"closed","template":"","meta":{"footnotes":""},"class_list":["post-70","page","type-page","status-publish","hentry","description-off"],"_links":{"self":[{"href":"https:\/\/babanimg.com\/index.php\/wp-json\/wp\/v2\/pages\/70","targetHints":{"allow":["GET"]}}],"collection":[{"href":"https:\/\/babanimg.com\/index.php\/wp-json\/wp\/v2\/pages"}],"about":[{"href":"https:\/\/babanimg.com\/index.php\/wp-json\/wp\/v2\/types\/page"}],"author":[{"embeddable":true,"href":"https:\/\/babanimg.com\/index.php\/wp-json\/wp\/v2\/users\/1"}],"replies":[{"embeddable":true,"href":"https:\/\/babanimg.com\/index.php\/wp-json\/wp\/v2\/comments?post=70"}],"version-history":[{"count":13,"href":"https:\/\/babanimg.com\/index.php\/wp-json\/wp\/v2\/pages\/70\/revisions"}],"predecessor-version":[{"id":195,"href":"https:\/\/babanimg.com\/index.php\/wp-json\/wp\/v2\/pages\/70\/revisions\/195"}],"wp:attachment":[{"href":"https:\/\/babanimg.com\/index.php\/wp-json\/wp\/v2\/media?parent=70"}],"curies":[{"name":"wp","href":"https:\/\/api.w.org\/{rel}","templated":true}]}}